{"id":166,"date":"2025-07-14T11:53:11","date_gmt":"2025-07-14T09:53:11","guid":{"rendered":"https:\/\/alex.kafilm.de\/restaurant\/?page_id=166"},"modified":"2025-07-15T16:13:43","modified_gmt":"2025-07-15T14:13:43","slug":"ausflugsziele","status":"publish","type":"page","link":"https:\/\/alex.kafilm.de\/restaurant\/ausflugsziele\/","title":{"rendered":"Ausflugsziele"},"content":{"rendered":"\t\t<div data-elementor-type=\"wp-page\" data-elementor-id=\"166\" class=\"elementor elementor-166\" data-elementor-post-type=\"page\">\n\t\t\t\t<div class=\"elementor-element elementor-element-0b5f14f e-flex e-con-boxed e-con e-parent\" data-id=\"0b5f14f\" data-element_type=\"container\" data-e-type=\"container\" data-settings=\"{&quot;background_background&quot;:&quot;classic&quot;}\">\n\t\t\t\t\t<div class=\"e-con-inner\">\n\t\t<div class=\"elementor-element elementor-element-6f9aebf e-con-full e-flex e-con e-child\" data-id=\"6f9aebf\" data-element_type=\"container\" data-e-type=\"container\">\n\t\t\t\t<\/div>\n\t\t\t\t\t<\/div>\n\t\t\t\t<\/div>\n\t\t<div class=\"elementor-element elementor-element-49b7e55 e-flex e-con-boxed e-con e-parent\" data-id=\"49b7e55\" data-element_type=\"container\" data-e-type=\"container\">\n\t\t\t\t\t<div class=\"e-con-inner\">\n\t\t\t\t<div class=\"elementor-element elementor-element-fcdef37 elementor-widget elementor-widget-text-editor\" data-id=\"fcdef37\" data-element_type=\"widget\" data-e-type=\"widget\" data-widget_type=\"text-editor.default\">\n\t\t\t\t<div class=\"elementor-widget-container\">\n\t\t\t\t\t\t\t\t\t<p>Langeweile ist anderswo \u2013 bei uns erwarten Sie abwechslungsreiche M\u00f6glichkeiten!<\/p><p>Was Ihnen unsere Region alles zu bieten hat sehen Sie hier:<\/p><div id=\"ausflugziele\"><strong><a href=\"http:\/\/www.suedpfalz-tourismus.de\/\" target=\"_blank\" rel=\"noopener\">S\u00fcdpfalz Tourismus<\/a><br \/><a href=\"http:\/\/www.funforest.de\/kandel\" target=\"_blank\" rel=\"noopener\">Fun Forest<\/a><br \/><a href=\"http:\/\/www.mhoufarm.de\/\" target=\"_blank\" rel=\"noopener\">Strau\u00dfenfarm<\/a><br \/><a href=\"http:\/\/www.kakteenland.de\/\" target=\"_blank\" rel=\"noopener\">Kakteenland<\/a><br \/><a href=\"http:\/\/www.technik-museum.de\/\" target=\"_blank\" rel=\"noopener\">Technikmuseum<\/a><br \/><a href=\"http:\/\/www.visitsealife.com\/speyer\/\" target=\"_blank\" rel=\"noopener\">Sealife<\/a><br \/><a href=\"http:\/\/www.personenschifffahrt-streib.de\/\" target=\"_blank\" rel=\"noopener\">Schifffahrten Speyer<\/a><br \/><a href=\"http:\/\/www.rietburgbahn-edenkoben.de\/\" target=\"_blank\" rel=\"noopener\">Rietburg<\/a><br \/><a href=\"http:\/\/www.burgen-rlp.de\/index.php?id=reichsburgtrifels?\" target=\"_blank\" rel=\"noopener\">Trifels<\/a><br \/><a href=\"http:\/\/www.wachtenburg.de\/\" target=\"_blank\" rel=\"noopener\">Wachtenburg<\/a><br \/><a href=\"http:\/\/www.burg-landeck.de\/\" target=\"_blank\" rel=\"noopener\">Landeck<\/a><br \/><a href=\"http:\/\/www.madenburg-pfalz.de\/\" target=\"_blank\" rel=\"noopener\">Madenburg<\/a><br \/><a href=\"http:\/\/www.reptilium.de\/\" target=\"_blank\" rel=\"noopener\">Reptilium<\/a><br \/><a href=\"http:\/\/www.martinshof-steinfeld.de\/\" target=\"_blank\" rel=\"noopener\">Weingut Martinshof Steinfeld<\/a><\/strong><\/div>\t\t\t\t\t\t\t\t<\/div>\n\t\t\t\t<\/div>\n\t\t\t\t\t<\/div>\n\t\t\t\t<\/div>\n\t\t\t\t<\/div>\n\t\t","protected":false},"excerpt":{"rendered":"<p>Langeweile ist anderswo \u2013 bei uns erwarten Sie abwechslungsreiche M\u00f6glichkeiten! Was Ihnen unsere Region alles zu bieten hat sehen Sie hier: S\u00fcdpfalz TourismusFun ForestStrau\u00dfenfarmKakteenlandTechnikmuseumSealifeSchifffahrten SpeyerRietburgTrifelsWachtenburgLandeckMadenburgReptiliumWeingut Martinshof Steinfeld<\/p>\n","protected":false},"author":1,"featured_media":0,"parent":0,"menu_order":0,"comment_status":"closed","ping_status":"closed","template":"","meta":{"footnotes":""},"class_list":["post-166","page","type-page","status-publish","hentry"],"_links":{"self":[{"href":"https:\/\/alex.kafilm.de\/restaurant\/wp-json\/wp\/v2\/pages\/166","targetHints":{"allow":["GET"]}}],"collection":[{"href":"https:\/\/alex.kafilm.de\/restaurant\/wp-json\/wp\/v2\/pages"}],"about":[{"href":"https:\/\/alex.kafilm.de\/restaurant\/wp-json\/wp\/v2\/types\/page"}],"author":[{"embeddable":true,"href":"https:\/\/alex.kafilm.de\/restaurant\/wp-json\/wp\/v2\/users\/1"}],"replies":[{"embeddable":true,"href":"https:\/\/alex.kafilm.de\/restaurant\/wp-json\/wp\/v2\/comments?post=166"}],"version-history":[{"count":7,"href":"https:\/\/alex.kafilm.de\/restaurant\/wp-json\/wp\/v2\/pages\/166\/revisions"}],"predecessor-version":[{"id":1768,"href":"https:\/\/alex.kafilm.de\/restaurant\/wp-json\/wp\/v2\/pages\/166\/revisions\/1768"}],"wp:attachment":[{"href":"https:\/\/alex.kafilm.de\/restaurant\/wp-json\/wp\/v2\/media?parent=166"}],"curies":[{"name":"wp","href":"https:\/\/api.w.org\/{rel}","templated":true}]}}