{"id":1775,"date":"2025-07-15T16:33:09","date_gmt":"2025-07-15T14:33:09","guid":{"rendered":"https:\/\/alex.kafilm.de\/restaurant\/?page_id=1775"},"modified":"2025-07-15T16:41:44","modified_gmt":"2025-07-15T14:41:44","slug":"stellenanzeigen","status":"publish","type":"page","link":"https:\/\/alex.kafilm.de\/restaurant\/stellenanzeigen\/","title":{"rendered":"Stellenanzeigen"},"content":{"rendered":"\t\t<div data-elementor-type=\"wp-page\" data-elementor-id=\"1775\" class=\"elementor elementor-1775\" data-elementor-post-type=\"page\">\n\t\t\t\t<div class=\"elementor-element elementor-element-9af1bf9 e-flex e-con-boxed e-con e-parent\" data-id=\"9af1bf9\" data-element_type=\"container\" data-e-type=\"container\" data-settings=\"{&quot;background_background&quot;:&quot;classic&quot;}\">\n\t\t\t\t\t<div class=\"e-con-inner\">\n\t\t<div class=\"elementor-element elementor-element-98852a9 e-con-full e-flex e-con e-child\" data-id=\"98852a9\" data-element_type=\"container\" data-e-type=\"container\">\n\t\t\t\t<div class=\"elementor-element elementor-element-c87bd55 elementor-widget elementor-widget-text-editor\" data-id=\"c87bd55\" data-element_type=\"widget\" data-e-type=\"widget\" data-widget_type=\"text-editor.default\">\n\t\t\t\t<div class=\"elementor-widget-container\">\n\t\t\t\t\t\t\t\t\t<p>Wir suchen Verst\u00e4rkung!<\/p>\t\t\t\t\t\t\t\t<\/div>\n\t\t\t\t<\/div>\n\t\t\t\t<\/div>\n\t\t\t\t\t<\/div>\n\t\t\t\t<\/div>\n\t\t<div class=\"elementor-element elementor-element-1acda3e e-flex e-con-boxed e-con e-parent\" data-id=\"1acda3e\" data-element_type=\"container\" data-e-type=\"container\">\n\t\t\t\t\t<div class=\"e-con-inner\">\n\t\t\t\t<div class=\"elementor-element elementor-element-3cdf1c3 elementor-widget elementor-widget-text-editor\" data-id=\"3cdf1c3\" data-element_type=\"widget\" data-e-type=\"widget\" data-widget_type=\"text-editor.default\">\n\t\t\t\t<div class=\"elementor-widget-container\">\n\t\t\t\t\t\t\t\t\t<p><b>Koch oder K\u00f6chin<\/b><\/p><p>Sie haben eine abgeschlossene Berufsausbildung als\u00a0<b>Koch oder K\u00f6chin<\/b>\u00a0und Erfahrung in der Gastronomie? Sie verarbeiten gerne frische Lebensmittel, sind kreativ, qualit\u00e4tsbewusst, belastbar und teamf\u00e4hig?<\/p><p>Dann bewerben Sie sich bei uns!<\/p><p>Wir \u2013 das \u201eHotel zur Pfalz\u201c \u2013 sind ein familiengef\u00fchrtes Unternehmen mit derzeit 22 Mitarbeitern.<br \/>Unser Haus geh\u00f6rt der 3-Sterne-Kategorie an und verf\u00fcgt \u00fcber 46 Zimmer. Im Restaurant (und Kaminzimmer) finden bis zu 120 Personen Platz, im Au\u00dfenbereich etwa 75 Personen.<br \/>Unsere Speisekarte bietet regionale Spezialit\u00e4ten sowie internationale K\u00f6stlichkeiten.<\/p><p>Interessiert? Dann freuen wir uns auf Ihre aussagekr\u00e4ftige Bewerbung per Post oder\u00a0<a href=\"mailto:info@hotelzurpfalz.de\"><b>Mail<\/b><\/a>.<\/p><p><b>Restaurant- und Hotelfachleute<\/b><\/p><p>Wir suchen ab sofort engagierte\u00a0<b>Restaurant- und Hotelfachleute (m\/w)<\/b>\u00a0f\u00fcr den Einsatz in unserem familiengef\u00fchrten Unternehmen.<\/p><p>Neben flexiblen Arbeitszeiten und einem abwechslungsreichen Arbeitsumfeld bieten wir Ihnen die M\u00f6glichkeit, Teil unseres aufgeschlossenen Teams zu werden!<\/p><p>Sie sollten eine abgeschlossene Ausbildung, ein gepflegtes \u00c4u\u00dferes und perfekte Umgangsformen haben. Hinsichtlich der Arbeitszeiten sind Sie flexibel und behalten in Stresssituationen den \u00dcberblick. Sachkundiger, stets gastorientierter Service bei den unterschiedlichsten Veranstaltungen zeichnet Sie aus.<\/p><p>Interessiert? Dann freuen wir uns auf Ihre aussagekr\u00e4ftige Bewerbung per Post oder\u00a0<a href=\"mailto:info@hotelzurpfalz.de\"><b>Mail<\/b><\/a><\/p>\t\t\t\t\t\t\t\t<\/div>\n\t\t\t\t<\/div>\n\t\t\t\t\t<\/div>\n\t\t\t\t<\/div>\n\t\t\t\t<\/div>\n\t\t","protected":false},"excerpt":{"rendered":"<p>Wir suchen Verst\u00e4rkung! Koch oder K\u00f6chin Sie haben eine abgeschlossene Berufsausbildung als\u00a0Koch oder K\u00f6chin\u00a0und Erfahrung in der Gastronomie? Sie verarbeiten gerne frische Lebensmittel, sind kreativ, qualit\u00e4tsbewusst, belastbar und teamf\u00e4hig? Dann bewerben Sie sich bei uns! Wir \u2013 das \u201eHotel zur Pfalz\u201c \u2013 sind ein familiengef\u00fchrtes Unternehmen mit derzeit 22 Mitarbeitern.Unser Haus geh\u00f6rt der 3-Sterne-Kategorie an [&hellip;]<\/p>\n","protected":false},"author":1,"featured_media":0,"parent":0,"menu_order":0,"comment_status":"closed","ping_status":"closed","template":"","meta":{"footnotes":""},"class_list":["post-1775","page","type-page","status-publish","hentry"],"_links":{"self":[{"href":"https:\/\/alex.kafilm.de\/restaurant\/wp-json\/wp\/v2\/pages\/1775","targetHints":{"allow":["GET"]}}],"collection":[{"href":"https:\/\/alex.kafilm.de\/restaurant\/wp-json\/wp\/v2\/pages"}],"about":[{"href":"https:\/\/alex.kafilm.de\/restaurant\/wp-json\/wp\/v2\/types\/page"}],"author":[{"embeddable":true,"href":"https:\/\/alex.kafilm.de\/restaurant\/wp-json\/wp\/v2\/users\/1"}],"replies":[{"embeddable":true,"href":"https:\/\/alex.kafilm.de\/restaurant\/wp-json\/wp\/v2\/comments?post=1775"}],"version-history":[{"count":8,"href":"https:\/\/alex.kafilm.de\/restaurant\/wp-json\/wp\/v2\/pages\/1775\/revisions"}],"predecessor-version":[{"id":1788,"href":"https:\/\/alex.kafilm.de\/restaurant\/wp-json\/wp\/v2\/pages\/1775\/revisions\/1788"}],"wp:attachment":[{"href":"https:\/\/alex.kafilm.de\/restaurant\/wp-json\/wp\/v2\/media?parent=1775"}],"curies":[{"name":"wp","href":"https:\/\/api.w.org\/{rel}","templated":true}]}}